{"id":549,"date":"2022-06-08T10:03:11","date_gmt":"2022-06-08T08:03:11","guid":{"rendered":"http:\/\/test.sqlcompetence.de\/newwebsite\/?page_id=549"},"modified":"2022-11-24T11:23:31","modified_gmt":"2022-11-24T10:23:31","slug":"impressum","status":"publish","type":"page","link":"https:\/\/sqlcompetence.de\/?page_id=549","title":{"rendered":"Impressum"},"content":{"rendered":"\n<style type=\"text\/css\" data-created_by=\"avia_inline_auto\" id=\"style-css-av-l45bydsr-41bd9462e9b6db206ca8c3d8a17cee52\">\n#top .av-special-heading.av-l45bydsr-41bd9462e9b6db206ca8c3d8a17cee52{\npadding-bottom:10px;\n}\nbody .av-special-heading.av-l45bydsr-41bd9462e9b6db206ca8c3d8a17cee52 .av-special-heading-tag .heading-char{\nfont-size:25px;\n}\n.av-special-heading.av-l45bydsr-41bd9462e9b6db206ca8c3d8a17cee52 .av-subheading{\nfont-size:15px;\n}\n<\/style>\n<div  class='av-special-heading av-l45bydsr-41bd9462e9b6db206ca8c3d8a17cee52 av-special-heading-h1 blockquote modern-quote modern-centered  avia-builder-el-0  el_before_av_hr  avia-builder-el-first '><h1 class='av-special-heading-tag '  itemprop=\"headline\"  >Impressum<\/h1><div class=\"special-heading-border\"><div class=\"special-heading-inner-border\"><\/div><\/div><\/div>\n<div  class='hr av-on90d-8a2ef963212d59d52844e226c23dd038 hr-default  avia-builder-el-1  el_after_av_heading  el_before_av_one_half '><span class='hr-inner '><span class=\"hr-inner-style\"><\/span><\/span><\/div>\n<div  class='flex_column av-1wnvh-a13801c1b6006ba07cd535a0697cb183 av_one_half  avia-builder-el-2  el_after_av_hr  el_before_av_one_half  first flex_column_div  '     ><section  class='av_textblock_section av-l45ai02p-4a659c1adcb725123618130696480315 '   itemscope=\"itemscope\" itemtype=\"https:\/\/schema.org\/CreativeWork\" ><div class='avia_textblock'  itemprop=\"text\" ><h3>Angaben gem\u00e4\u00df \u00a7 5 TMG<\/h3>\n<p>SQL Competence GmbH<br \/>\nHeilbronner Str. 150<br \/>\n70191 Stuttgart<\/p>\n<h3>Vertreten durch<\/h3>\n<p>Markus Vischer<\/p>\n<h3>Kontakt<\/h3>\n<p>Markus Vischer<\/p>\n<p>Telefon: <a href=\"tel:+4971149004185\">0711 490 04-185<\/a><br \/>\nTelefax: 0711 490 04-186<br \/>\nE-Mail:mail@sqlcompetence.de<\/p>\n<\/div><\/section><\/div>\n<div  class='flex_column av-ft6e5-1a7e260ceaddaf9c13f6129446651546 av_one_half  avia-builder-el-4  el_after_av_one_half  el_before_av_hr  flex_column_div  '     ><section  class='av_textblock_section av-l45c0rqx-f7c514450f9753c0c26f184ceaec820f '   itemscope=\"itemscope\" itemtype=\"https:\/\/schema.org\/CreativeWork\" ><div class='avia_textblock'  itemprop=\"text\" ><h3>Eintragung im Handelsregister<\/h3>\n<p>Registergericht: Stuttgart<br \/>\nRegisternummer: HRB 756543<br \/>\nUSt.-ID: DE306181799<\/p>\n<h3>Verantwortlich f\u00fcr den Inhalt nach \u00a7 55 Abs. 2 RStV<\/h3>\n<p>Markus Vischer<\/p>\n<\/div><\/section><\/div>\n<div  class='hr av-3qg3-2965e85c488996dddcf2d1a8fcd266b7 hr-default  avia-builder-el-6  el_after_av_one_half  el_before_av_textblock '><span class='hr-inner '><span class=\"hr-inner-style\"><\/span><\/span><\/div>\n<section  class='av_textblock_section av-l45c2mbk-68aa83583bac0b48612c8ff2e3f403a0 '   itemscope=\"itemscope\" itemtype=\"https:\/\/schema.org\/CreativeWork\" ><div class='avia_textblock'  itemprop=\"text\" ><h2>Urheberrecht<\/h2>\n<p>Falls nicht anders angegeben, unterliegen alle Seiten dieses Webangebots dem Urheberrecht (Copyright). Dies gilt insbesondere f\u00fcr Texte, Bilder, Grafiken und Style-Dateien, einschlie\u00dflich deren Anordnung auf den Webseiten. Eine Vervielf\u00e4ltigung oder Verwendung von Webseiten (oder von Teilen daraus) in anderen elektronischen oder gedruckten Publikationen und deren Ver\u00f6ffentlichung (auch im Internet) ist nur nach vorheriger Genehmigung gestattet.<\/p>\n<p>Weiterhin k\u00f6nnen Bilder, Grafiken, Text- oder sonstige Dateien ganz oder teilweise dem Urheberrecht Dritter unterliegen.<\/p>\n<p>Alle innerhalb des Internetangebots genannten und ggf. durch Dritte gesch\u00fctzten Marken- und Warenzeichen unterliegen uneingeschr\u00e4nkt den Bestimmungen des jeweils g\u00fcltigen Kennzeichenrechts und den Besitzrechten der jeweiligen eingetragenen Eigent\u00fcmer. Allein aufgrund der blo\u00dfen Nennung in unserem Internetangebot ist nicht der Schluss zu ziehen, dass Markenzeichen nicht durch Rechte Dritter gesch\u00fctzt sind.<\/p>\n<h3>Haftungsausschluss<\/h3>\n<p>Der Autor hat alle in seinem Bereich bereitgestellten Informationen nach bestem Wissen und Gewissen erarbeitet und gepr\u00fcft. Jedoch \u00fcbernimmt der Autor keinerlei Gew\u00e4hr f\u00fcr die Aktualit\u00e4t, Korrektheit, Vollst\u00e4ndigkeit oder Qualit\u00e4t der bereitgestellten Informationen. Haftungsanspr\u00fcche gegen den Autor, welche sich auf Sch\u00e4den materieller oder ideeller Art beziehen, die durch die Nutzung oder Nichtnutzung der dargebotenen Informationen bzw. durch die Nutzung fehlerhafter und unvollst\u00e4ndiger Informationen verursacht wurden, sind grunds\u00e4tzlich ausgeschlossen, sofern seitens des Autors kein nachweislich vors\u00e4tzliches oder grob fahrl\u00e4ssiges Verschulden vorliegt.<\/p>\n<p>Alle Angebote sind freibleibend und unverbindlich. Der Autor beh\u00e4lt es sich ausdr\u00fccklich vor, Teile der Seiten oder das gesamte Angebot ohne gesonderte Ank\u00fcndigung zu ver\u00e4ndern, zu erg\u00e4nzen, zu l\u00f6schen oder die Ver\u00f6ffentlichung zeitweise oder endg\u00fcltig einzustellen.<\/p>\n<h3>Verweise und Links (Disclaimer)<\/h3>\n<p>Bei direkten oder indirekten Verweisen auf fremde Webseiten (&#8222;Hyperlinks&#8220;), die au\u00dferhalb des Verantwortungsbereiches des Autors liegen, w\u00fcrde eine Haftungsverpflichtung ausschlie\u00dflich in dem Fall in Kraft treten, in dem der Autor von den Inhalten Kenntnis hat und es ihm technisch m\u00f6glich und zumutbar w\u00e4re, die Nutzung im Falle rechtswidriger Inhalte zu verhindern.<\/p>\n<p>Der Autor erkl\u00e4rt hiermit ausdr\u00fccklich, dass zum Zeitpunkt der Linksetzung keine illegalen Inhalte auf den zu verlinkenden Seiten erkennbar waren. Auf die aktuelle und zuk\u00fcnftige Gestaltung, die Inhalte oder die Urheberschaft der gelinkten\/verkn\u00fcpften Seiten hat der Autor keinerlei Einfluss. Deshalb distanziert er sich hiermit ausdr\u00fccklich von allen Inhalten aller gelinkten\/verkn\u00fcpften Seiten, die nach der Linksetzung ver\u00e4ndert wurden. Diese Feststellung gilt f\u00fcr alle innerhalb des eigenen Internetangebotes gesetzten Links und Verweise sowie f\u00fcr Fremdeintr\u00e4ge in vom Autor eingerichteten G\u00e4steb\u00fcchern, Diskussionsforen und Mailinglisten. F\u00fcr illegale, fehlerhafte oder unvollst\u00e4ndige Inhalte und insbesondere f\u00fcr Sch\u00e4den, die aus der Nutzung oder Nichtnutzung solcherart dargebotener Informationen entstehen, haftet allein der Anbieter der Seite, auf welche verwiesen wurde, nicht derjenige, der \u00fcber Links auf die jeweilige Ver\u00f6ffentlichung lediglich verweist.<\/p>\n<\/div><\/section>\n","protected":false},"excerpt":{"rendered":"","protected":false},"author":2,"featured_media":0,"parent":0,"menu_order":2,"comment_status":"closed","ping_status":"closed","template":"","meta":{"footnotes":""},"class_list":["post-549","page","type-page","status-publish","hentry"],"yoast_head":"<!-- This site is optimized with the Yoast SEO plugin v26.1.1 - https:\/\/yoast.com\/wordpress\/plugins\/seo\/ -->\r\n<title>SQL Competence GmbH &#8226; Impressum<\/title>\r\n<meta name=\"description\" content=\"Wir sind die Experten f\u00fcr Microsoft\u00ae SQL-Server Infrastrukturen und bieten zertifizierte Dienstleistungen von der Analyse \u00fcber die Konzeption oder Performance-Tuning bis zum professionellen Betrieb in unseren Rechenzentren in Deutschland, Europa, Asien und den USA.\" \/>\r\n<meta name=\"robots\" content=\"index, follow, max-snippet:-1, max-image-preview:large, max-video-preview:-1\" \/>\r\n<link rel=\"canonical\" href=\"https:\/\/sqlcompetence.de\/?page_id=549\" \/>\r\n<meta property=\"og:locale\" content=\"de_DE\" \/>\r\n<meta property=\"og:type\" content=\"article\" \/>\r\n<meta property=\"og:title\" content=\"SQL Competence GmbH &#8226; Impressum\" \/>\r\n<meta property=\"og:description\" content=\"Wir sind die Experten f\u00fcr Microsoft\u00ae SQL-Server Infrastrukturen und bieten zertifizierte Dienstleistungen von der Analyse \u00fcber die Konzeption oder Performance-Tuning bis zum professionellen Betrieb in unseren Rechenzentren in Deutschland, Europa, Asien und den USA.\" \/>\r\n<meta property=\"og:url\" content=\"https:\/\/sqlcompetence.de\/?page_id=549\" \/>\r\n<meta property=\"og:site_name\" content=\"SQL Competence GmbH\" \/>\r\n<meta property=\"article:modified_time\" content=\"2022-11-24T10:23:31+00:00\" \/>\r\n<meta name=\"twitter:card\" content=\"summary_large_image\" \/>\r\n<meta name=\"twitter:label1\" content=\"Gesch\u00e4tzte Lesezeit\" \/>\n\t<meta name=\"twitter:data1\" content=\"7\u00a0Minuten\" \/>\r\n<script type=\"application\/ld+json\" class=\"yoast-schema-graph\">{\"@context\":\"https:\/\/schema.org\",\"@graph\":[{\"@type\":\"WebPage\",\"@id\":\"https:\/\/sqlcompetence.de\/?page_id=549\",\"url\":\"https:\/\/sqlcompetence.de\/?page_id=549\",\"name\":\"SQL Competence GmbH &#8226; Impressum\",\"isPartOf\":{\"@id\":\"https:\/\/sqlcompetence.de\/#website\"},\"datePublished\":\"2022-06-08T08:03:11+00:00\",\"dateModified\":\"2022-11-24T10:23:31+00:00\",\"description\":\"Wir sind die Experten f\u00fcr Microsoft\u00ae SQL-Server Infrastrukturen und bieten zertifizierte Dienstleistungen von der Analyse \u00fcber die Konzeption oder Performance-Tuning bis zum professionellen Betrieb in unseren Rechenzentren in Deutschland, Europa, Asien und den USA.\",\"breadcrumb\":{\"@id\":\"https:\/\/sqlcompetence.de\/?page_id=549#breadcrumb\"},\"inLanguage\":\"de\",\"potentialAction\":[{\"@type\":\"ReadAction\",\"target\":[\"https:\/\/sqlcompetence.de\/?page_id=549\"]}]},{\"@type\":\"BreadcrumbList\",\"@id\":\"https:\/\/sqlcompetence.de\/?page_id=549#breadcrumb\",\"itemListElement\":[{\"@type\":\"ListItem\",\"position\":1,\"name\":\"Startseite\",\"item\":\"https:\/\/sqlcompetence.de\/\"},{\"@type\":\"ListItem\",\"position\":2,\"name\":\"Impressum\"}]},{\"@type\":\"WebSite\",\"@id\":\"https:\/\/sqlcompetence.de\/#website\",\"url\":\"https:\/\/sqlcompetence.de\/\",\"name\":\"SQL Competence GmbH\",\"description\":\"Experten f\u00fcr Microsoft\u00ae SQL-Server Infrastrukturen\",\"publisher\":{\"@id\":\"https:\/\/sqlcompetence.de\/#organization\"},\"potentialAction\":[{\"@type\":\"SearchAction\",\"target\":{\"@type\":\"EntryPoint\",\"urlTemplate\":\"https:\/\/sqlcompetence.de\/?s={search_term_string}\"},\"query-input\":{\"@type\":\"PropertyValueSpecification\",\"valueRequired\":true,\"valueName\":\"search_term_string\"}}],\"inLanguage\":\"de\"},{\"@type\":\"Organization\",\"@id\":\"https:\/\/sqlcompetence.de\/#organization\",\"name\":\"SQLCompetence GmbH Stuttgart\",\"url\":\"https:\/\/sqlcompetence.de\/\",\"logo\":{\"@type\":\"ImageObject\",\"inLanguage\":\"de\",\"@id\":\"https:\/\/sqlcompetence.de\/#\/schema\/logo\/image\/\",\"url\":\"http:\/\/test.sqlcompetence.de\/newwebsite\/wp-content\/uploads\/2022\/06\/logo.png\",\"contentUrl\":\"http:\/\/test.sqlcompetence.de\/newwebsite\/wp-content\/uploads\/2022\/06\/logo.png\",\"width\":150,\"height\":90,\"caption\":\"SQLCompetence GmbH Stuttgart\"},\"image\":{\"@id\":\"https:\/\/sqlcompetence.de\/#\/schema\/logo\/image\/\"}}]}<\/script>\r\n<!-- \/ Yoast SEO plugin. -->","yoast_head_json":{"title":"SQL Competence GmbH &#8226; Impressum","description":"Wir sind die Experten f\u00fcr Microsoft\u00ae SQL-Server Infrastrukturen und bieten zertifizierte Dienstleistungen von der Analyse \u00fcber die Konzeption oder Performance-Tuning bis zum professionellen Betrieb in unseren Rechenzentren in Deutschland, Europa, Asien und den USA.","robots":{"index":"index","follow":"follow","max-snippet":"max-snippet:-1","max-image-preview":"max-image-preview:large","max-video-preview":"max-video-preview:-1"},"canonical":"https:\/\/sqlcompetence.de\/?page_id=549","og_locale":"de_DE","og_type":"article","og_title":"SQL Competence GmbH &#8226; Impressum","og_description":"Wir sind die Experten f\u00fcr Microsoft\u00ae SQL-Server Infrastrukturen und bieten zertifizierte Dienstleistungen von der Analyse \u00fcber die Konzeption oder Performance-Tuning bis zum professionellen Betrieb in unseren Rechenzentren in Deutschland, Europa, Asien und den USA.","og_url":"https:\/\/sqlcompetence.de\/?page_id=549","og_site_name":"SQL Competence GmbH","article_modified_time":"2022-11-24T10:23:31+00:00","twitter_card":"summary_large_image","twitter_misc":{"Gesch\u00e4tzte Lesezeit":"7\u00a0Minuten"},"schema":{"@context":"https:\/\/schema.org","@graph":[{"@type":"WebPage","@id":"https:\/\/sqlcompetence.de\/?page_id=549","url":"https:\/\/sqlcompetence.de\/?page_id=549","name":"SQL Competence GmbH &#8226; Impressum","isPartOf":{"@id":"https:\/\/sqlcompetence.de\/#website"},"datePublished":"2022-06-08T08:03:11+00:00","dateModified":"2022-11-24T10:23:31+00:00","description":"Wir sind die Experten f\u00fcr Microsoft\u00ae SQL-Server Infrastrukturen und bieten zertifizierte Dienstleistungen von der Analyse \u00fcber die Konzeption oder Performance-Tuning bis zum professionellen Betrieb in unseren Rechenzentren in Deutschland, Europa, Asien und den USA.","breadcrumb":{"@id":"https:\/\/sqlcompetence.de\/?page_id=549#breadcrumb"},"inLanguage":"de","potentialAction":[{"@type":"ReadAction","target":["https:\/\/sqlcompetence.de\/?page_id=549"]}]},{"@type":"BreadcrumbList","@id":"https:\/\/sqlcompetence.de\/?page_id=549#breadcrumb","itemListElement":[{"@type":"ListItem","position":1,"name":"Startseite","item":"https:\/\/sqlcompetence.de\/"},{"@type":"ListItem","position":2,"name":"Impressum"}]},{"@type":"WebSite","@id":"https:\/\/sqlcompetence.de\/#website","url":"https:\/\/sqlcompetence.de\/","name":"SQL Competence GmbH","description":"Experten f\u00fcr Microsoft\u00ae SQL-Server Infrastrukturen","publisher":{"@id":"https:\/\/sqlcompetence.de\/#organization"},"potentialAction":[{"@type":"SearchAction","target":{"@type":"EntryPoint","urlTemplate":"https:\/\/sqlcompetence.de\/?s={search_term_string}"},"query-input":{"@type":"PropertyValueSpecification","valueRequired":true,"valueName":"search_term_string"}}],"inLanguage":"de"},{"@type":"Organization","@id":"https:\/\/sqlcompetence.de\/#organization","name":"SQLCompetence GmbH Stuttgart","url":"https:\/\/sqlcompetence.de\/","logo":{"@type":"ImageObject","inLanguage":"de","@id":"https:\/\/sqlcompetence.de\/#\/schema\/logo\/image\/","url":"http:\/\/test.sqlcompetence.de\/newwebsite\/wp-content\/uploads\/2022\/06\/logo.png","contentUrl":"http:\/\/test.sqlcompetence.de\/newwebsite\/wp-content\/uploads\/2022\/06\/logo.png","width":150,"height":90,"caption":"SQLCompetence GmbH Stuttgart"},"image":{"@id":"https:\/\/sqlcompetence.de\/#\/schema\/logo\/image\/"}}]}},"_links":{"self":[{"href":"https:\/\/sqlcompetence.de\/index.php?rest_route=\/wp\/v2\/pages\/549","targetHints":{"allow":["GET"]}}],"collection":[{"href":"https:\/\/sqlcompetence.de\/index.php?rest_route=\/wp\/v2\/pages"}],"about":[{"href":"https:\/\/sqlcompetence.de\/index.php?rest_route=\/wp\/v2\/types\/page"}],"author":[{"embeddable":true,"href":"https:\/\/sqlcompetence.de\/index.php?rest_route=\/wp\/v2\/users\/2"}],"replies":[{"embeddable":true,"href":"https:\/\/sqlcompetence.de\/index.php?rest_route=%2Fwp%2Fv2%2Fcomments&post=549"}],"version-history":[{"count":5,"href":"https:\/\/sqlcompetence.de\/index.php?rest_route=\/wp\/v2\/pages\/549\/revisions"}],"predecessor-version":[{"id":657,"href":"https:\/\/sqlcompetence.de\/index.php?rest_route=\/wp\/v2\/pages\/549\/revisions\/657"}],"wp:attachment":[{"href":"https:\/\/sqlcompetence.de\/index.php?rest_route=%2Fwp%2Fv2%2Fmedia&parent=549"}],"curies":[{"name":"wp","href":"https:\/\/api.w.org\/{rel}","templated":true}]}}